{"id":412,"date":"2023-03-29T17:29:18","date_gmt":"2023-03-29T20:29:18","guid":{"rendered":"https:\/\/www.robodeledblitz.com.br\/?page_id=412"},"modified":"2023-10-23T16:42:57","modified_gmt":"2023-10-23T19:42:57","slug":"contato","status":"publish","type":"page","link":"https:\/\/www.robodeledblitz.com.br\/index.php\/contato\/","title":{"rendered":"Contato"},"content":{"rendered":"\r\n<div id=\"attachment_1487\" style=\"width: 830px\" class=\"wp-caption alignnone\"><img loading=\"lazy\" decoding=\"async\" aria-describedby=\"caption-attachment-1487\" class=\"size-full wp-image-1487\" src=\"https:\/\/www.robodeledblitz.com.br\/wp-content\/themes\/breek\/assets\/images\/transparent.gif\" data-lazy=\"true\" data-src=\"https:\/\/www.robodeledblitz.com.br\/wp-content\/uploads\/2023\/10\/contato.png\" alt=\"r\u00f4bo de led\" width=\"820\" height=\"312\" data-srcset=\"https:\/\/www.robodeledblitz.com.br\/wp-content\/uploads\/2023\/10\/contato.png 820w, https:\/\/www.robodeledblitz.com.br\/wp-content\/uploads\/2023\/10\/contato-300x114.png 300w, https:\/\/www.robodeledblitz.com.br\/wp-content\/uploads\/2023\/10\/contato-768x292.png 768w, https:\/\/www.robodeledblitz.com.br\/wp-content\/uploads\/2023\/10\/contato-100x38.png 100w, https:\/\/www.robodeledblitz.com.br\/wp-content\/uploads\/2023\/10\/contato-700x266.png 700w\" data-sizes=\"auto, (max-width: 820px) 100vw, 820px\" \/><p id=\"caption-attachment-1487\" class=\"wp-caption-text\">r\u00f4bo de led<\/p><\/div>\r\n<p>Para contratar <strong>Rob\u00f4 de Led<\/strong>, fa\u00e7a contato com a Blitz Cosplay Personagens Vivos para contratar o que h\u00e1 de melhor para a sua atividade! Estaremos a disposi\u00e7\u00e3o! \n<div class=\"wpcf7 no-js\" id=\"wpcf7-f19-o1\" lang=\"en-US\" dir=\"ltr\" data-wpcf7-id=\"19\">\n<div class=\"screen-reader-response\"><p role=\"status\" aria-live=\"polite\" aria-atomic=\"true\"><\/p> <ul><\/ul><\/div>\n<form action=\"\/index.php\/wp-json\/wp\/v2\/pages\/412#wpcf7-f19-o1\" method=\"post\" class=\"wpcf7-form init\" aria-label=\"Contact form\" novalidate=\"novalidate\" data-status=\"init\">\n<fieldset class=\"hidden-fields-container\"><input type=\"hidden\" name=\"_wpcf7\" value=\"19\" \/><input type=\"hidden\" name=\"_wpcf7_version\" value=\"6.1.4\" \/><input type=\"hidden\" name=\"_wpcf7_locale\" value=\"en_US\" \/><input type=\"hidden\" name=\"_wpcf7_unit_tag\" value=\"wpcf7-f19-o1\" \/><input type=\"hidden\" name=\"_wpcf7_container_post\" value=\"0\" \/><input type=\"hidden\" name=\"_wpcf7_posted_data_hash\" value=\"\" \/><input type=\"hidden\" name=\"_wpcf7_recaptcha_response\" value=\"\" \/>\n<\/fieldset>\n<p><span class=\"wpcf7-form-control-wrap\" data-name=\"your-name\"><input size=\"40\" maxlength=\"400\" class=\"wpcf7-form-control wpcf7-text wpcf7-validates-as-required\" aria-required=\"true\" aria-invalid=\"false\" placeholder=\"Seu nome\" value=\"\" type=\"text\" name=\"your-name\" \/><\/span>\n<\/p>\n<p><span class=\"wpcf7-form-control-wrap\" data-name=\"your-email\"><input size=\"40\" maxlength=\"400\" class=\"wpcf7-form-control wpcf7-email wpcf7-validates-as-required wpcf7-text wpcf7-validates-as-email\" aria-required=\"true\" aria-invalid=\"false\" placeholder=\"Seu email\" value=\"\" type=\"email\" name=\"your-email\" \/><\/span>\n<\/p>\n<p><span class=\"wpcf7-form-control-wrap\" data-name=\"your-subject\"><input size=\"40\" maxlength=\"400\" class=\"wpcf7-form-control wpcf7-text wpcf7-validates-as-required\" aria-required=\"true\" aria-invalid=\"false\" placeholder=\"Assunto\" value=\"\" type=\"text\" name=\"your-subject\" \/><\/span>\n<\/p>\n<p><span class=\"wpcf7-form-control-wrap\" data-name=\"your-message\"><textarea cols=\"40\" rows=\"10\" maxlength=\"2000\" class=\"wpcf7-form-control wpcf7-textarea\" aria-invalid=\"false\" placeholder=\"Sua mensagem\" name=\"your-message\"><\/textarea><\/span>\n<\/p>\n<p><input class=\"wpcf7-form-control wpcf7-submit has-spinner\" type=\"submit\" value=\"Enviar mensagem\" \/>\n<\/p><div class=\"wpcf7-response-output\" aria-hidden=\"true\"><\/div>\n<\/form>\n<\/div>\n <iframe loading=\"lazy\" data-lazy=\"true\" data-src=\"https:\/\/www.google.com\/maps\/embed?pb=!1m18!1m12!1m3!1d457.26414999122994!2d-46.76743140557103!3d-23.528430622292458!2m3!1f0!2f0!3f0!3m2!1i1024!2i768!4f13.1!3m3!1m2!1s0x94ceff3d38681ae7%3A0x1db3db398638be03!2sPres.%20Altino%2C%20Osasco%20-%20SP%2C%2002675-031!5e0!3m2!1spt-BR!2sbr!4v1673727774874!5m2!1spt-BR!2sbr\" width=\"100%\" height=\"350 style=\" allowfullscreen=\"allowfullscreen\" data-mce-fragment=\"1\"><\/iframe><\/p>\r\n\r\n\r\n\r\n\r\n","protected":false},"excerpt":{"rendered":"<p>Para contratar Rob\u00f4 de Led, fa\u00e7a contato com a Blitz Cosplay Personagens Vivos para contratar o que h\u00e1 de melhor para a sua atividade! Estaremos&#8230;<\/p>\n","protected":false},"author":1,"featured_media":0,"parent":0,"menu_order":0,"comment_status":"closed","ping_status":"closed","template":"","meta":{"_joinchat":[],"footnotes":""},"class_list":["post-412","page","type-page","status-publish","hentry"],"acf":[],"yoast_head":"<!-- This site is optimized with the Yoast SEO plugin v26.8 - https:\/\/yoast.com\/product\/yoast-seo-wordpress\/ -->\n<title>Contato - Contratar Robo de led<\/title>\n<meta name=\"robots\" content=\"index, follow, max-snippet:-1, max-image-preview:large, max-video-preview:-1\" \/>\n<link rel=\"canonical\" href=\"https:\/\/www.robodeledblitz.com.br\/index.php\/contato\/\" \/>\n<meta property=\"og:locale\" content=\"pt_BR\" \/>\n<meta property=\"og:type\" content=\"article\" \/>\n<meta property=\"og:title\" content=\"Contato - Contratar Robo de led\" \/>\n<meta property=\"og:description\" content=\"Para contratar Rob\u00f4 de Led, fa\u00e7a contato com a Blitz Cosplay Personagens Vivos para contratar o que h\u00e1 de melhor para a sua atividade! Estaremos...\" \/>\n<meta property=\"og:url\" content=\"https:\/\/www.robodeledblitz.com.br\/index.php\/contato\/\" \/>\n<meta property=\"og:site_name\" content=\"Contratar Robo de led\" \/>\n<meta property=\"article:modified_time\" content=\"2023-10-23T19:42:57+00:00\" \/>\n<meta property=\"og:image\" content=\"https:\/\/www.robodeledblitz.com.br\/wp-content\/uploads\/2023\/10\/contato.png\" \/>\n<meta name=\"twitter:card\" content=\"summary_large_image\" \/>\n<meta name=\"twitter:label1\" content=\"Est. tempo de leitura\" \/>\n\t<meta name=\"twitter:data1\" content=\"1 minuto\" \/>\n<script type=\"application\/ld+json\" class=\"yoast-schema-graph\">{\"@context\":\"https:\/\/schema.org\",\"@graph\":[{\"@type\":\"WebPage\",\"@id\":\"https:\/\/www.robodeledblitz.com.br\/index.php\/contato\/\",\"url\":\"https:\/\/www.robodeledblitz.com.br\/index.php\/contato\/\",\"name\":\"Contato - Contratar Robo de led\",\"isPartOf\":{\"@id\":\"https:\/\/www.robodeledblitz.com.br\/#website\"},\"primaryImageOfPage\":{\"@id\":\"https:\/\/www.robodeledblitz.com.br\/index.php\/contato\/#primaryimage\"},\"image\":{\"@id\":\"https:\/\/www.robodeledblitz.com.br\/index.php\/contato\/#primaryimage\"},\"thumbnailUrl\":\"https:\/\/www.robodeledblitz.com.br\/wp-content\/uploads\/2023\/10\/contato.png\",\"datePublished\":\"2023-03-29T20:29:18+00:00\",\"dateModified\":\"2023-10-23T19:42:57+00:00\",\"breadcrumb\":{\"@id\":\"https:\/\/www.robodeledblitz.com.br\/index.php\/contato\/#breadcrumb\"},\"inLanguage\":\"pt-BR\",\"potentialAction\":[{\"@type\":\"ReadAction\",\"target\":[\"https:\/\/www.robodeledblitz.com.br\/index.php\/contato\/\"]}]},{\"@type\":\"ImageObject\",\"inLanguage\":\"pt-BR\",\"@id\":\"https:\/\/www.robodeledblitz.com.br\/index.php\/contato\/#primaryimage\",\"url\":\"https:\/\/www.robodeledblitz.com.br\/wp-content\/uploads\/2023\/10\/contato.png\",\"contentUrl\":\"https:\/\/www.robodeledblitz.com.br\/wp-content\/uploads\/2023\/10\/contato.png\",\"width\":820,\"height\":312,\"caption\":\"Contratar rob\u00f4s de led\"},{\"@type\":\"BreadcrumbList\",\"@id\":\"https:\/\/www.robodeledblitz.com.br\/index.php\/contato\/#breadcrumb\",\"itemListElement\":[{\"@type\":\"ListItem\",\"position\":1,\"name\":\"In\u00edcio\",\"item\":\"https:\/\/www.robodeledblitz.com.br\/\"},{\"@type\":\"ListItem\",\"position\":2,\"name\":\"Contato\"}]},{\"@type\":\"WebSite\",\"@id\":\"https:\/\/www.robodeledblitz.com.br\/#website\",\"url\":\"https:\/\/www.robodeledblitz.com.br\/\",\"name\":\"Contratar Rob\u00f4 de led\",\"description\":\"\",\"publisher\":{\"@id\":\"https:\/\/www.robodeledblitz.com.br\/#organization\"},\"potentialAction\":[{\"@type\":\"SearchAction\",\"target\":{\"@type\":\"EntryPoint\",\"urlTemplate\":\"https:\/\/www.robodeledblitz.com.br\/?s={search_term_string}\"},\"query-input\":{\"@type\":\"PropertyValueSpecification\",\"valueRequired\":true,\"valueName\":\"search_term_string\"}}],\"inLanguage\":\"pt-BR\"},{\"@type\":\"Organization\",\"@id\":\"https:\/\/www.robodeledblitz.com.br\/#organization\",\"name\":\"Contratar Rob\u00f4 de led\",\"url\":\"https:\/\/www.robodeledblitz.com.br\/\",\"logo\":{\"@type\":\"ImageObject\",\"inLanguage\":\"pt-BR\",\"@id\":\"https:\/\/www.robodeledblitz.com.br\/#\/schema\/logo\/image\/\",\"url\":\"https:\/\/www.robodeledblitz.com.br\/wp-content\/uploads\/2023\/08\/LOGO-3.png\",\"contentUrl\":\"https:\/\/www.robodeledblitz.com.br\/wp-content\/uploads\/2023\/08\/LOGO-3.png\",\"width\":1703,\"height\":588,\"caption\":\"Contratar Rob\u00f4 de led\"},\"image\":{\"@id\":\"https:\/\/www.robodeledblitz.com.br\/#\/schema\/logo\/image\/\"}}]}<\/script>\n<!-- \/ Yoast SEO plugin. -->","yoast_head_json":{"title":"Contato - Contratar Robo de led","robots":{"index":"index","follow":"follow","max-snippet":"max-snippet:-1","max-image-preview":"max-image-preview:large","max-video-preview":"max-video-preview:-1"},"canonical":"https:\/\/www.robodeledblitz.com.br\/index.php\/contato\/","og_locale":"pt_BR","og_type":"article","og_title":"Contato - Contratar Robo de led","og_description":"Para contratar Rob\u00f4 de Led, fa\u00e7a contato com a Blitz Cosplay Personagens Vivos para contratar o que h\u00e1 de melhor para a sua atividade! Estaremos...","og_url":"https:\/\/www.robodeledblitz.com.br\/index.php\/contato\/","og_site_name":"Contratar Robo de led","article_modified_time":"2023-10-23T19:42:57+00:00","og_image":[{"url":"https:\/\/www.robodeledblitz.com.br\/wp-content\/uploads\/2023\/10\/contato.png","type":"","width":"","height":""}],"twitter_card":"summary_large_image","twitter_misc":{"Est. tempo de leitura":"1 minuto"},"schema":{"@context":"https:\/\/schema.org","@graph":[{"@type":"WebPage","@id":"https:\/\/www.robodeledblitz.com.br\/index.php\/contato\/","url":"https:\/\/www.robodeledblitz.com.br\/index.php\/contato\/","name":"Contato - Contratar Robo de led","isPartOf":{"@id":"https:\/\/www.robodeledblitz.com.br\/#website"},"primaryImageOfPage":{"@id":"https:\/\/www.robodeledblitz.com.br\/index.php\/contato\/#primaryimage"},"image":{"@id":"https:\/\/www.robodeledblitz.com.br\/index.php\/contato\/#primaryimage"},"thumbnailUrl":"https:\/\/www.robodeledblitz.com.br\/wp-content\/uploads\/2023\/10\/contato.png","datePublished":"2023-03-29T20:29:18+00:00","dateModified":"2023-10-23T19:42:57+00:00","breadcrumb":{"@id":"https:\/\/www.robodeledblitz.com.br\/index.php\/contato\/#breadcrumb"},"inLanguage":"pt-BR","potentialAction":[{"@type":"ReadAction","target":["https:\/\/www.robodeledblitz.com.br\/index.php\/contato\/"]}]},{"@type":"ImageObject","inLanguage":"pt-BR","@id":"https:\/\/www.robodeledblitz.com.br\/index.php\/contato\/#primaryimage","url":"https:\/\/www.robodeledblitz.com.br\/wp-content\/uploads\/2023\/10\/contato.png","contentUrl":"https:\/\/www.robodeledblitz.com.br\/wp-content\/uploads\/2023\/10\/contato.png","width":820,"height":312,"caption":"Contratar rob\u00f4s de led"},{"@type":"BreadcrumbList","@id":"https:\/\/www.robodeledblitz.com.br\/index.php\/contato\/#breadcrumb","itemListElement":[{"@type":"ListItem","position":1,"name":"In\u00edcio","item":"https:\/\/www.robodeledblitz.com.br\/"},{"@type":"ListItem","position":2,"name":"Contato"}]},{"@type":"WebSite","@id":"https:\/\/www.robodeledblitz.com.br\/#website","url":"https:\/\/www.robodeledblitz.com.br\/","name":"Contratar Rob\u00f4 de led","description":"","publisher":{"@id":"https:\/\/www.robodeledblitz.com.br\/#organization"},"potentialAction":[{"@type":"SearchAction","target":{"@type":"EntryPoint","urlTemplate":"https:\/\/www.robodeledblitz.com.br\/?s={search_term_string}"},"query-input":{"@type":"PropertyValueSpecification","valueRequired":true,"valueName":"search_term_string"}}],"inLanguage":"pt-BR"},{"@type":"Organization","@id":"https:\/\/www.robodeledblitz.com.br\/#organization","name":"Contratar Rob\u00f4 de led","url":"https:\/\/www.robodeledblitz.com.br\/","logo":{"@type":"ImageObject","inLanguage":"pt-BR","@id":"https:\/\/www.robodeledblitz.com.br\/#\/schema\/logo\/image\/","url":"https:\/\/www.robodeledblitz.com.br\/wp-content\/uploads\/2023\/08\/LOGO-3.png","contentUrl":"https:\/\/www.robodeledblitz.com.br\/wp-content\/uploads\/2023\/08\/LOGO-3.png","width":1703,"height":588,"caption":"Contratar Rob\u00f4 de led"},"image":{"@id":"https:\/\/www.robodeledblitz.com.br\/#\/schema\/logo\/image\/"}}]}},"_links":{"self":[{"href":"https:\/\/www.robodeledblitz.com.br\/index.php\/wp-json\/wp\/v2\/pages\/412","targetHints":{"allow":["GET"]}}],"collection":[{"href":"https:\/\/www.robodeledblitz.com.br\/index.php\/wp-json\/wp\/v2\/pages"}],"about":[{"href":"https:\/\/www.robodeledblitz.com.br\/index.php\/wp-json\/wp\/v2\/types\/page"}],"author":[{"embeddable":true,"href":"https:\/\/www.robodeledblitz.com.br\/index.php\/wp-json\/wp\/v2\/users\/1"}],"replies":[{"embeddable":true,"href":"https:\/\/www.robodeledblitz.com.br\/index.php\/wp-json\/wp\/v2\/comments?post=412"}],"version-history":[{"count":5,"href":"https:\/\/www.robodeledblitz.com.br\/index.php\/wp-json\/wp\/v2\/pages\/412\/revisions"}],"predecessor-version":[{"id":1488,"href":"https:\/\/www.robodeledblitz.com.br\/index.php\/wp-json\/wp\/v2\/pages\/412\/revisions\/1488"}],"wp:attachment":[{"href":"https:\/\/www.robodeledblitz.com.br\/index.php\/wp-json\/wp\/v2\/media?parent=412"}],"curies":[{"name":"wp","href":"https:\/\/api.w.org\/{rel}","templated":true}]}}