{"id":410,"date":"2023-03-29T17:29:05","date_gmt":"2023-03-29T20:29:05","guid":{"rendered":"https:\/\/www.robodeledblitz.com.br\/?page_id=410"},"modified":"2023-10-25T18:39:01","modified_gmt":"2023-10-25T21:39:01","slug":"sobre","status":"publish","type":"page","link":"https:\/\/www.robodeledblitz.com.br\/index.php\/sobre\/","title":{"rendered":"Sobre"},"content":{"rendered":"\r\n<div><b>Contratar rob\u00f4s de led e uma vasta variedade de rob\u00f4s <\/b>\u00e9 com a <strong>Blitz Cosplay Agency<\/strong>! Trabalhamos desde <strong>2015<\/strong> com atividades que envolvem a cultura cosplay, por esse motivo, introduzimos no mercado, o marketing cosplay, uma metodologia que conta com a a\u00e7\u00e3o dos cosplayers na realiza\u00e7\u00e3o de festas infantis e eventos corporativos.\r\n<div>\u00a0<\/div>\r\n<div>Nosso objetivo \u00e9 satisfazer nossos clientes prestando um bom atendimento e acompanhando todas as atividades realizadas.<\/div>\r\n<div>\r\n<div id=\"attachment_1487\" style=\"width: 830px\" class=\"wp-caption alignnone\"><img loading=\"lazy\" decoding=\"async\" aria-describedby=\"caption-attachment-1487\" class=\"size-full wp-image-1487\" src=\"https:\/\/www.robodeledblitz.com.br\/wp-content\/themes\/breek\/assets\/images\/transparent.gif\" data-lazy=\"true\" data-src=\"https:\/\/www.robodeledblitz.com.br\/wp-content\/uploads\/2023\/10\/contato.png\" alt=\"Contratar rob\u00f4s de led\" width=\"820\" height=\"312\" data-srcset=\"https:\/\/www.robodeledblitz.com.br\/wp-content\/uploads\/2023\/10\/contato.png 820w, https:\/\/www.robodeledblitz.com.br\/wp-content\/uploads\/2023\/10\/contato-300x114.png 300w, https:\/\/www.robodeledblitz.com.br\/wp-content\/uploads\/2023\/10\/contato-768x292.png 768w, https:\/\/www.robodeledblitz.com.br\/wp-content\/uploads\/2023\/10\/contato-100x38.png 100w, https:\/\/www.robodeledblitz.com.br\/wp-content\/uploads\/2023\/10\/contato-700x266.png 700w\" data-sizes=\"auto, (max-width: 820px) 100vw, 820px\" \/><p id=\"caption-attachment-1487\" class=\"wp-caption-text\">Contratar rob\u00f4s de led<\/p><\/div>\r\n<\/div>\r\n<\/div>\r\n\r\n\r\n\r\n<blockquote class=\"wp-block-quote is-layout-flow wp-block-quote-is-layout-flow\">Hoje somos a\u00a01\u00ba ag\u00eancia especializada em cosplayers, trazendo sempre o melhor figurino e atua\u00e7\u00e3o do Brasil. Todos os trabalhos realizados pela Blitz Cosplay, s\u00e3o produzidos com muita dedica\u00e7\u00e3o, o que nos fez alcan\u00e7ar grande clientes.<\/blockquote>\r\n\r\n\r\n\r\n<h2>Motivos para contratar<strong>\u00a0<\/strong>rob\u00f4s\u00a0com a Blitz Cosplay:<\/h2>\r\n<p>Saiba por que contratar o seu personagem vivo com a Blitz Cosplay, uma empresa que procura levar at\u00e9 voc\u00ea um alto n\u00edvel de padr\u00e3o para o seu personagem! Confira abaixo alguns motivos para contratar com a Blitz Cosplay:<\/p>\r\n<ul>\r\n<li>Contrate o seu personagem com seguran\u00e7a, todavia e com quem entende do assunto.<\/li>\r\n<li>Trabalhamos com todos os personagens cosplayers e disponibilizamos o que h\u00e1 de melhor no mercado, a fim de executar o servi\u00e7o.<\/li>\r\n<li>Fazemos toda a parte de acompanhamento da atividade, al\u00e9m disso contamos com a experi\u00eancia dos nossos monitores.<\/li>\r\n<li>Trabalhamos com cosplayers, F\u00e3s que resolvem produzir e viver o seu pr\u00f3prio personagem no qual o mesmo se identifica mais, sendo assim, o seu traje e interpreta\u00e7\u00e3o ser\u00e1 sempre mais fiel ao personagem original.<\/li>\r\n<li>Servi\u00e7os feito com qualidade e comprometimento, o que faz nossa ag\u00eancia atender grandes nomes no mercado.<\/li>\r\n<li>Atendemos em todo o Brasil.<\/li>\r\n<\/ul>\r\n<h2>Cuidados ao contratar o seu personagem:<\/h2>\r\n<p>Algumas dicas da Blitz Cosplay para que voc\u00ea possa contratar seu personagem sem dor de cabe\u00e7a. Conte conosco para fazer a contrata\u00e7\u00e3o do seu personagem:<\/p>\r\n<ul>\r\n<li>Analise bem a empresa escolhida para prestar o servi\u00e7o na data da sua festa, veja as avalia\u00e7\u00f5es e antes de tudo sempre busque refer\u00eancias.<\/li>\r\n<li>Muitas empresas oferecem personagens com mais horas de atividade em Festas de Anivers\u00e1rios, por\u00e9m procure sempre fazer um tempo menor e com mais qualidade, de conformidade com o que foi oferecido!<\/li>\r\n<li>Procure contratar personagens fi\u00e9is assim como os dos filmes e desenhos. Afinal todos estar\u00e3o observando a sua atividade.<\/li>\r\n<\/ul>\r\n<p>Em fim , para <strong>contatar rob\u00f4s<\/strong>\u00a0\u00e9 com a Blitz Cosplay! \u00a0Aproveite e conhe\u00e7a nosso Atividades: <span style=\"color: #000000;\"><strong><a style=\"color: #000000;\" href=\"https:\/\/homol.blitzcosplay.com.br\/blog\/categoria\/contratar\/\">clicando aqui<\/a><\/strong><\/span>!<\/p>\r\n","protected":false},"excerpt":{"rendered":"<p>Contratar rob\u00f4s de led e uma vasta variedade de rob\u00f4s \u00e9 com a Blitz Cosplay Agency! Trabalhamos desde 2015 com atividades que envolvem a cultura&#8230;<\/p>\n","protected":false},"author":1,"featured_media":0,"parent":0,"menu_order":0,"comment_status":"closed","ping_status":"closed","template":"","meta":{"_joinchat":[],"footnotes":""},"class_list":["post-410","page","type-page","status-publish","hentry"],"acf":[],"yoast_head":"<!-- This site is optimized with the Yoast SEO plugin v26.8 - https:\/\/yoast.com\/product\/yoast-seo-wordpress\/ -->\n<title>Sobre - Contratar Robo de led<\/title>\n<meta name=\"robots\" content=\"index, follow, max-snippet:-1, max-image-preview:large, max-video-preview:-1\" \/>\n<link rel=\"canonical\" href=\"https:\/\/www.robodeledblitz.com.br\/index.php\/sobre\/\" \/>\n<meta property=\"og:locale\" content=\"pt_BR\" \/>\n<meta property=\"og:type\" content=\"article\" \/>\n<meta property=\"og:title\" content=\"Sobre - Contratar Robo de led\" \/>\n<meta property=\"og:description\" content=\"Contratar rob\u00f4s de led e uma vasta variedade de rob\u00f4s \u00e9 com a Blitz Cosplay Agency! Trabalhamos desde 2015 com atividades que envolvem a cultura...\" \/>\n<meta property=\"og:url\" content=\"https:\/\/www.robodeledblitz.com.br\/index.php\/sobre\/\" \/>\n<meta property=\"og:site_name\" content=\"Contratar Robo de led\" \/>\n<meta property=\"article:modified_time\" content=\"2023-10-25T21:39:01+00:00\" \/>\n<meta property=\"og:image\" content=\"https:\/\/www.robodeledblitz.com.br\/wp-content\/uploads\/2023\/10\/contato.png\" \/>\n<meta name=\"twitter:card\" content=\"summary_large_image\" \/>\n<meta name=\"twitter:label1\" content=\"Est. tempo de leitura\" \/>\n\t<meta name=\"twitter:data1\" content=\"3 minutos\" \/>\n<script type=\"application\/ld+json\" class=\"yoast-schema-graph\">{\"@context\":\"https:\/\/schema.org\",\"@graph\":[{\"@type\":\"WebPage\",\"@id\":\"https:\/\/www.robodeledblitz.com.br\/index.php\/sobre\/\",\"url\":\"https:\/\/www.robodeledblitz.com.br\/index.php\/sobre\/\",\"name\":\"Sobre - Contratar Robo de led\",\"isPartOf\":{\"@id\":\"https:\/\/www.robodeledblitz.com.br\/#website\"},\"primaryImageOfPage\":{\"@id\":\"https:\/\/www.robodeledblitz.com.br\/index.php\/sobre\/#primaryimage\"},\"image\":{\"@id\":\"https:\/\/www.robodeledblitz.com.br\/index.php\/sobre\/#primaryimage\"},\"thumbnailUrl\":\"https:\/\/www.robodeledblitz.com.br\/wp-content\/uploads\/2023\/10\/contato.png\",\"datePublished\":\"2023-03-29T20:29:05+00:00\",\"dateModified\":\"2023-10-25T21:39:01+00:00\",\"breadcrumb\":{\"@id\":\"https:\/\/www.robodeledblitz.com.br\/index.php\/sobre\/#breadcrumb\"},\"inLanguage\":\"pt-BR\",\"potentialAction\":[{\"@type\":\"ReadAction\",\"target\":[\"https:\/\/www.robodeledblitz.com.br\/index.php\/sobre\/\"]}]},{\"@type\":\"ImageObject\",\"inLanguage\":\"pt-BR\",\"@id\":\"https:\/\/www.robodeledblitz.com.br\/index.php\/sobre\/#primaryimage\",\"url\":\"https:\/\/www.robodeledblitz.com.br\/wp-content\/uploads\/2023\/10\/contato.png\",\"contentUrl\":\"https:\/\/www.robodeledblitz.com.br\/wp-content\/uploads\/2023\/10\/contato.png\",\"width\":820,\"height\":312,\"caption\":\"Contratar rob\u00f4s de led\"},{\"@type\":\"BreadcrumbList\",\"@id\":\"https:\/\/www.robodeledblitz.com.br\/index.php\/sobre\/#breadcrumb\",\"itemListElement\":[{\"@type\":\"ListItem\",\"position\":1,\"name\":\"In\u00edcio\",\"item\":\"https:\/\/www.robodeledblitz.com.br\/\"},{\"@type\":\"ListItem\",\"position\":2,\"name\":\"Sobre\"}]},{\"@type\":\"WebSite\",\"@id\":\"https:\/\/www.robodeledblitz.com.br\/#website\",\"url\":\"https:\/\/www.robodeledblitz.com.br\/\",\"name\":\"Contratar Rob\u00f4 de led\",\"description\":\"\",\"publisher\":{\"@id\":\"https:\/\/www.robodeledblitz.com.br\/#organization\"},\"potentialAction\":[{\"@type\":\"SearchAction\",\"target\":{\"@type\":\"EntryPoint\",\"urlTemplate\":\"https:\/\/www.robodeledblitz.com.br\/?s={search_term_string}\"},\"query-input\":{\"@type\":\"PropertyValueSpecification\",\"valueRequired\":true,\"valueName\":\"search_term_string\"}}],\"inLanguage\":\"pt-BR\"},{\"@type\":\"Organization\",\"@id\":\"https:\/\/www.robodeledblitz.com.br\/#organization\",\"name\":\"Contratar Rob\u00f4 de led\",\"url\":\"https:\/\/www.robodeledblitz.com.br\/\",\"logo\":{\"@type\":\"ImageObject\",\"inLanguage\":\"pt-BR\",\"@id\":\"https:\/\/www.robodeledblitz.com.br\/#\/schema\/logo\/image\/\",\"url\":\"https:\/\/www.robodeledblitz.com.br\/wp-content\/uploads\/2023\/08\/LOGO-3.png\",\"contentUrl\":\"https:\/\/www.robodeledblitz.com.br\/wp-content\/uploads\/2023\/08\/LOGO-3.png\",\"width\":1703,\"height\":588,\"caption\":\"Contratar Rob\u00f4 de led\"},\"image\":{\"@id\":\"https:\/\/www.robodeledblitz.com.br\/#\/schema\/logo\/image\/\"}}]}<\/script>\n<!-- \/ Yoast SEO plugin. -->","yoast_head_json":{"title":"Sobre - Contratar Robo de led","robots":{"index":"index","follow":"follow","max-snippet":"max-snippet:-1","max-image-preview":"max-image-preview:large","max-video-preview":"max-video-preview:-1"},"canonical":"https:\/\/www.robodeledblitz.com.br\/index.php\/sobre\/","og_locale":"pt_BR","og_type":"article","og_title":"Sobre - Contratar Robo de led","og_description":"Contratar rob\u00f4s de led e uma vasta variedade de rob\u00f4s \u00e9 com a Blitz Cosplay Agency! Trabalhamos desde 2015 com atividades que envolvem a cultura...","og_url":"https:\/\/www.robodeledblitz.com.br\/index.php\/sobre\/","og_site_name":"Contratar Robo de led","article_modified_time":"2023-10-25T21:39:01+00:00","og_image":[{"url":"https:\/\/www.robodeledblitz.com.br\/wp-content\/uploads\/2023\/10\/contato.png","type":"","width":"","height":""}],"twitter_card":"summary_large_image","twitter_misc":{"Est. tempo de leitura":"3 minutos"},"schema":{"@context":"https:\/\/schema.org","@graph":[{"@type":"WebPage","@id":"https:\/\/www.robodeledblitz.com.br\/index.php\/sobre\/","url":"https:\/\/www.robodeledblitz.com.br\/index.php\/sobre\/","name":"Sobre - Contratar Robo de led","isPartOf":{"@id":"https:\/\/www.robodeledblitz.com.br\/#website"},"primaryImageOfPage":{"@id":"https:\/\/www.robodeledblitz.com.br\/index.php\/sobre\/#primaryimage"},"image":{"@id":"https:\/\/www.robodeledblitz.com.br\/index.php\/sobre\/#primaryimage"},"thumbnailUrl":"https:\/\/www.robodeledblitz.com.br\/wp-content\/uploads\/2023\/10\/contato.png","datePublished":"2023-03-29T20:29:05+00:00","dateModified":"2023-10-25T21:39:01+00:00","breadcrumb":{"@id":"https:\/\/www.robodeledblitz.com.br\/index.php\/sobre\/#breadcrumb"},"inLanguage":"pt-BR","potentialAction":[{"@type":"ReadAction","target":["https:\/\/www.robodeledblitz.com.br\/index.php\/sobre\/"]}]},{"@type":"ImageObject","inLanguage":"pt-BR","@id":"https:\/\/www.robodeledblitz.com.br\/index.php\/sobre\/#primaryimage","url":"https:\/\/www.robodeledblitz.com.br\/wp-content\/uploads\/2023\/10\/contato.png","contentUrl":"https:\/\/www.robodeledblitz.com.br\/wp-content\/uploads\/2023\/10\/contato.png","width":820,"height":312,"caption":"Contratar rob\u00f4s de led"},{"@type":"BreadcrumbList","@id":"https:\/\/www.robodeledblitz.com.br\/index.php\/sobre\/#breadcrumb","itemListElement":[{"@type":"ListItem","position":1,"name":"In\u00edcio","item":"https:\/\/www.robodeledblitz.com.br\/"},{"@type":"ListItem","position":2,"name":"Sobre"}]},{"@type":"WebSite","@id":"https:\/\/www.robodeledblitz.com.br\/#website","url":"https:\/\/www.robodeledblitz.com.br\/","name":"Contratar Rob\u00f4 de led","description":"","publisher":{"@id":"https:\/\/www.robodeledblitz.com.br\/#organization"},"potentialAction":[{"@type":"SearchAction","target":{"@type":"EntryPoint","urlTemplate":"https:\/\/www.robodeledblitz.com.br\/?s={search_term_string}"},"query-input":{"@type":"PropertyValueSpecification","valueRequired":true,"valueName":"search_term_string"}}],"inLanguage":"pt-BR"},{"@type":"Organization","@id":"https:\/\/www.robodeledblitz.com.br\/#organization","name":"Contratar Rob\u00f4 de led","url":"https:\/\/www.robodeledblitz.com.br\/","logo":{"@type":"ImageObject","inLanguage":"pt-BR","@id":"https:\/\/www.robodeledblitz.com.br\/#\/schema\/logo\/image\/","url":"https:\/\/www.robodeledblitz.com.br\/wp-content\/uploads\/2023\/08\/LOGO-3.png","contentUrl":"https:\/\/www.robodeledblitz.com.br\/wp-content\/uploads\/2023\/08\/LOGO-3.png","width":1703,"height":588,"caption":"Contratar Rob\u00f4 de led"},"image":{"@id":"https:\/\/www.robodeledblitz.com.br\/#\/schema\/logo\/image\/"}}]}},"_links":{"self":[{"href":"https:\/\/www.robodeledblitz.com.br\/index.php\/wp-json\/wp\/v2\/pages\/410","targetHints":{"allow":["GET"]}}],"collection":[{"href":"https:\/\/www.robodeledblitz.com.br\/index.php\/wp-json\/wp\/v2\/pages"}],"about":[{"href":"https:\/\/www.robodeledblitz.com.br\/index.php\/wp-json\/wp\/v2\/types\/page"}],"author":[{"embeddable":true,"href":"https:\/\/www.robodeledblitz.com.br\/index.php\/wp-json\/wp\/v2\/users\/1"}],"replies":[{"embeddable":true,"href":"https:\/\/www.robodeledblitz.com.br\/index.php\/wp-json\/wp\/v2\/comments?post=410"}],"version-history":[{"count":4,"href":"https:\/\/www.robodeledblitz.com.br\/index.php\/wp-json\/wp\/v2\/pages\/410\/revisions"}],"predecessor-version":[{"id":1495,"href":"https:\/\/www.robodeledblitz.com.br\/index.php\/wp-json\/wp\/v2\/pages\/410\/revisions\/1495"}],"wp:attachment":[{"href":"https:\/\/www.robodeledblitz.com.br\/index.php\/wp-json\/wp\/v2\/media?parent=410"}],"curies":[{"name":"wp","href":"https:\/\/api.w.org\/{rel}","templated":true}]}}